{"id":8553,"date":"2023-09-12T07:15:19","date_gmt":"2023-09-12T07:15:19","guid":{"rendered":"https:\/\/www.fire-destroyer.com\/politika-zasebnosti-copy\/"},"modified":"2025-02-28T13:49:40","modified_gmt":"2025-02-28T13:49:40","slug":"condizioni-generali","status":"publish","type":"page","link":"https:\/\/www.ng.fire-destroyer.com\/en\/general-terms-and-conditions\/","title":{"rendered":"CONDIZIONI GENERALI"},"content":{"rendered":"<div data-elementor-type=\"wp-page\" data-elementor-id=\"8553\" class=\"elementor elementor-8553\">\n\t\t\t\t\t\t\t\t\t<section class=\"elementor-section elementor-top-section elementor-element elementor-element-e80c85c ct-section-stretched elementor-section-height-min-height elementor-section-items-top elementor-section-boxed elementor-section-height-default\" data-id=\"e80c85c\" data-element_type=\"section\" data-settings=\"{&quot;jet_parallax_layout_list&quot;:[],&quot;background_background&quot;:&quot;classic&quot;}\">\n\t\t\t\t\t\t<div class=\"elementor-container elementor-column-gap-no\">\n\t\t\t\t\t<div class=\"elementor-column elementor-col-100 elementor-top-column elementor-element elementor-element-b68df7d\" data-id=\"b68df7d\" data-element_type=\"column\">\n\t\t\t<div class=\"elementor-widget-wrap elementor-element-populated\">\n\t\t\t\t\t\t\t\t<div class=\"elementor-element elementor-element-5f208df elementor-widget elementor-widget-heading\" data-id=\"5f208df\" data-element_type=\"widget\" data-settings=\"{&quot;_animation&quot;:&quot;none&quot;}\" data-widget_type=\"heading.default\">\n\t\t\t\t<div class=\"elementor-widget-container\">\n\t\t\t<h2 class=\"elementor-heading-title elementor-size-default\">CONDIZIONI GENERALI<\/h2>\t\t<\/div>\n\t\t\t\t<\/div>\n\t\t\t\t<div class=\"elementor-element elementor-element-b05a3b5 elementor-widget-divider--view-line elementor-widget elementor-widget-divider\" data-id=\"b05a3b5\" data-element_type=\"widget\" data-widget_type=\"divider.default\">\n\t\t\t\t<div class=\"elementor-widget-container\">\n\t\t\t\t\t<div class=\"elementor-divider\">\n\t\t\t<span class=\"elementor-divider-separator\">\n\t\t\t\t\t\t<\/span>\n\t\t<\/div>\n\t\t\t\t<\/div>\n\t\t\t\t<\/div>\n\t\t\t\t<div class=\"elementor-element elementor-element-d88890e elementor-widget elementor-widget-text-editor\" data-id=\"d88890e\" data-element_type=\"widget\" data-widget_type=\"text-editor.default\">\n\t\t\t\t<div class=\"elementor-widget-container\">\n\t\t\t\t\t\t\t<p>1. CONDIZIONI GENERALI<\/p>\t\t\t\t\t\t<\/div>\n\t\t\t\t<\/div>\n\t\t\t\t<div class=\"elementor-element elementor-element-ed69a7e elementor-widget elementor-widget-text-editor\" data-id=\"ed69a7e\" data-element_type=\"widget\" data-widget_type=\"text-editor.default\">\n\t\t\t\t<div class=\"elementor-widget-container\">\n\t\t\t\t\t\t\t<p>L&#8217;ordine \u00e8 vincolante per URO\u0160 FLEISINGER e il cliente.<\/p>\t\t\t\t\t\t<\/div>\n\t\t\t\t<\/div>\n\t\t\t\t<div class=\"elementor-element elementor-element-7ab53d0 elementor-widget elementor-widget-text-editor\" data-id=\"7ab53d0\" data-element_type=\"widget\" data-widget_type=\"text-editor.default\">\n\t\t\t\t<div class=\"elementor-widget-container\">\n\t\t\t\t\t\t\t<p>2. ORDINAZIONE<\/p>\t\t\t\t\t\t<\/div>\n\t\t\t\t<\/div>\n\t\t\t\t<div class=\"elementor-element elementor-element-1cbd6a2 elementor-widget elementor-widget-text-editor\" data-id=\"1cbd6a2\" data-element_type=\"widget\" data-widget_type=\"text-editor.default\">\n\t\t\t\t<div class=\"elementor-widget-container\">\n\t\t\t\t\t\t\t<p>Gli ordini sono accettati presso URO\u0160 FLEISINGER per posta ed e-mail: office@firedestroyer.ch. Il modulo d&#8217;ordine scritto per le aziende deve contenere: ragione sociale, indirizzo esatto di consegna, persona di riferimento, codice fiscale, codice fiscale, numero di telefono. L&#8217;ordine di acquisto ha lo status di un contratto per l&#8217;acquirente e il venditore.<\/p>\t\t\t\t\t\t<\/div>\n\t\t\t\t<\/div>\n\t\t\t\t<div class=\"elementor-element elementor-element-dc84282 elementor-widget elementor-widget-text-editor\" data-id=\"dc84282\" data-element_type=\"widget\" data-widget_type=\"text-editor.default\">\n\t\t\t\t<div class=\"elementor-widget-container\">\n\t\t\t\t\t\t\t<p>3. CONFERMA DELL&#8217;ORDINE<\/p>\t\t\t\t\t\t<\/div>\n\t\t\t\t<\/div>\n\t\t\t\t<div class=\"elementor-element elementor-element-b603145 elementor-widget elementor-widget-text-editor\" data-id=\"b603145\" data-element_type=\"widget\" data-widget_type=\"text-editor.default\">\n\t\t\t\t<div class=\"elementor-widget-container\">\n\t\t\t\t\t\t\t<p>L&#8217;ordine sar\u00e0 conservato in formato cartaceo ed elettronico presso la sede di URO\u0160 FLEISINGER<\/p>\t\t\t\t\t\t<\/div>\n\t\t\t\t<\/div>\n\t\t\t\t<div class=\"elementor-element elementor-element-808c8d4 elementor-widget elementor-widget-text-editor\" data-id=\"808c8d4\" data-element_type=\"widget\" data-widget_type=\"text-editor.default\">\n\t\t\t\t<div class=\"elementor-widget-container\">\n\t\t\t\t\t\t\t<p>4. PREZZI<\/p>\t\t\t\t\t\t<\/div>\n\t\t\t\t<\/div>\n\t\t\t\t<div class=\"elementor-element elementor-element-9c21c8a elementor-widget elementor-widget-text-editor\" data-id=\"9c21c8a\" data-element_type=\"widget\" data-widget_type=\"text-editor.default\">\n\t\t\t\t<div class=\"elementor-widget-container\">\n\t\t\t\t\t\t\t<p>I prezzi sono in EUR e sono validi dal 22 febbraio 2025 fino a modifica del listino prezzi o fino a esaurimento scorte. Tutti i prezzi includono di IVA. I prezzi non includono la consegna. Il prezzo di consegna dipende dal servizio di consegna. Ci riserviamo il diritto di modificare i prezzi senza preavviso a causa di variazioni dei tassi di cambio, miglioramenti tecnici o modifiche agli articoli.<\/p>\t\t\t\t\t\t<\/div>\n\t\t\t\t<\/div>\n\t\t\t\t<div class=\"elementor-element elementor-element-f592402 elementor-widget elementor-widget-text-editor\" data-id=\"f592402\" data-element_type=\"widget\" data-widget_type=\"text-editor.default\">\n\t\t\t\t<div class=\"elementor-widget-container\">\n\t\t\t\t\t\t\t<p>5. MODALIT\u00c0 DI PAGAMENTO<\/p>\t\t\t\t\t\t<\/div>\n\t\t\t\t<\/div>\n\t\t\t\t<div class=\"elementor-element elementor-element-685f0a9 elementor-widget elementor-widget-text-editor\" data-id=\"685f0a9\" data-element_type=\"widget\" data-widget_type=\"text-editor.default\">\n\t\t\t\t<div class=\"elementor-widget-container\">\n\t\t\t\t\t\t\t<p>Le persone fisiche o giuridiche possono pagare la merce ordinata tramite fattura proforma.<\/p>\t\t\t\t\t\t<\/div>\n\t\t\t\t<\/div>\n\t\t\t\t<div class=\"elementor-element elementor-element-1c51ca5 elementor-widget elementor-widget-text-editor\" data-id=\"1c51ca5\" data-element_type=\"widget\" data-widget_type=\"text-editor.default\">\n\t\t\t\t<div class=\"elementor-widget-container\">\n\t\t\t\t\t\t\t<p>6. CONSEGNA<\/p>\t\t\t\t\t\t<\/div>\n\t\t\t\t<\/div>\n\t\t\t\t<div class=\"elementor-element elementor-element-4d54b83 elementor-widget elementor-widget-text-editor\" data-id=\"4d54b83\" data-element_type=\"widget\" data-widget_type=\"text-editor.default\">\n\t\t\t\t<div class=\"elementor-widget-container\">\n\t\t\t\t\t\t\t<p>Tutti gli ordini effettuati prima delle ore 12 verranno spediti tramite pacco il giorno lavorativo successivo o, in caso contrario, ti informeremo via e-mail o telefonicamente.<\/p><p><strong>Swiss<\/strong><\/p><p>Fino a 200\u20ac \u20ac 12,20, oltre \u20ac 200 di acquisto GRATIS.<\/p><p><strong>Fuori dall&#8217;UE<\/strong><\/p><p>Le spese di spedizione secondo il listino prezzi DHL in vigore, che l&#8217;acquirente paga al corriere al ricevimento della merce.<\/p>\t\t\t\t\t\t<\/div>\n\t\t\t\t<\/div>\n\t\t\t\t<div class=\"elementor-element elementor-element-e87bee7 elementor-widget elementor-widget-text-editor\" data-id=\"e87bee7\" data-element_type=\"widget\" data-widget_type=\"text-editor.default\">\n\t\t\t\t<div class=\"elementor-widget-container\">\n\t\t\t\t\t\t\t<p>7. RECLAMI E RESI<\/p>\t\t\t\t\t\t<\/div>\n\t\t\t\t<\/div>\n\t\t\t\t<div class=\"elementor-element elementor-element-d7ff6c9 elementor-widget elementor-widget-text-editor\" data-id=\"d7ff6c9\" data-element_type=\"widget\" data-widget_type=\"text-editor.default\">\n\t\t\t\t<div class=\"elementor-widget-container\">\n\t\t\t\t\t\t\t<p>Hai il diritto di presentare un reclamo in conformit\u00e0 con le disposizioni della legge sulla tutela dei consumatori, che determina le procedure per presentare reclami su prodotti o servizi.<\/p><p>Segnalare e descrivere eventuali reclami via e-mail: info@firedestroyer.ch.<\/p>\t\t\t\t\t\t<\/div>\n\t\t\t\t<\/div>\n\t\t\t\t<div class=\"elementor-element elementor-element-8124699 elementor-widget elementor-widget-text-editor\" data-id=\"8124699\" data-element_type=\"widget\" data-widget_type=\"text-editor.default\">\n\t\t\t\t<div class=\"elementor-widget-container\">\n\t\t\t\t\t\t\t<p>8. RECESSO DALL&#8217;ORDINE<\/p>\t\t\t\t\t\t<\/div>\n\t\t\t\t<\/div>\n\t\t\t\t<div class=\"elementor-element elementor-element-3d05a8e elementor-widget elementor-widget-text-editor\" data-id=\"3d05a8e\" data-element_type=\"widget\" data-widget_type=\"text-editor.default\">\n\t\t\t\t<div class=\"elementor-widget-container\">\n\t\t\t\t\t\t\t<p>Puoi recedere dall&#8217;ordine entro 14 giorni di calendario senza fornire alcuna motivazione. Se hai gi\u00e0 ricevuto la merce, devi comunicarci per iscritto il recesso dal contratto entro 14 giorni dal ricevimento. La merce dovr\u00e0 essere restituita integra, nella sua confezione originale senza segni di tentativi di apertura, e merce non utilizzata in quantit\u00e0 INVARIATA (apparecchio, istruzioni, parti associate, imballaggio, ecc.), a meno che la merce non venga distrutta, danneggiata, persa o la sua quantit\u00e0 venga ridotta senza colpa dell&#8217;acquirente. \u00c8 necessario allegare una copia della fattura. La societ\u00e0 URO\u0160 FLEISINGER restituisce il prezzo di acquisto entro e non oltre 30 giorni dalla data di ricevimento della comunicazione di recesso dal contratto. Il costo a carico del consumatore in caso di recesso dal contratto \u00e8 il costo di restituzione del bene, il costo di imballaggio e consegna da parte del fornitore, nonch\u00e9 il costo della transazione bancaria risultante dal rimborso del prezzo di acquisto. L&#8217;acquirente perde la possibilit\u00e0 di recedere dall&#8217;ordine a causa di un difetto dell&#8217;articolo se non pu\u00f2 restituire l&#8217;articolo o non pu\u00f2 restituirlo nello stato in cui lo ha ricevuto.<\/p>\t\t\t\t\t\t<\/div>\n\t\t\t\t<\/div>\n\t\t\t\t<div class=\"elementor-element elementor-element-63bdfbc elementor-widget elementor-widget-text-editor\" data-id=\"63bdfbc\" data-element_type=\"widget\" data-widget_type=\"text-editor.default\">\n\t\t\t\t<div class=\"elementor-widget-container\">\n\t\t\t\t\t\t\t<p><strong>NON SI ACCETTANO PACCHI:<\/strong><\/p><p>Se non ritiri il pacco, senza una comunicazione scritta di recesso dal contratto a info@firedestroyer.ch, saremo costretti ad addebitarti le spese di spedizione e restituzione del pacco.<\/p>\t\t\t\t\t\t<\/div>\n\t\t\t\t<\/div>\n\t\t\t\t<div class=\"elementor-element elementor-element-3a6d9eb elementor-widget elementor-widget-text-editor\" data-id=\"3a6d9eb\" data-element_type=\"widget\" data-widget_type=\"text-editor.default\">\n\t\t\t\t<div class=\"elementor-widget-container\">\n\t\t\t\t\t\t\t<p>9. PROTEZIONE DEI DATI<\/p>\t\t\t\t\t\t<\/div>\n\t\t\t\t<\/div>\n\t\t\t\t<div class=\"elementor-element elementor-element-85645ba elementor-widget elementor-widget-text-editor\" data-id=\"85645ba\" data-element_type=\"widget\" data-widget_type=\"text-editor.default\">\n\t\t\t\t<div class=\"elementor-widget-container\">\n\t\t\t\t\t\t\t<p>La societ\u00e0 PARAMETRIK d.o.o. si impegna a proteggere tutti i dati personali. Questi verranno utilizzati esclusivamente per l&#8217;invio di materiale informativo, offerte, fatture ed altre comunicazioni necessarie. Non trasmetteremo in nessun caso i tuoi dati a terzi.<\/p>\t\t\t\t\t\t<\/div>\n\t\t\t\t<\/div>\n\t\t\t\t<div class=\"elementor-element elementor-element-1331450 elementor-widget elementor-widget-text-editor\" data-id=\"1331450\" data-element_type=\"widget\" data-widget_type=\"text-editor.default\">\n\t\t\t\t<div class=\"elementor-widget-container\">\n\t\t\t\t\t\t\t<p>10. CONDIZIONI DI GARANZIA<\/p>\t\t\t\t\t\t<\/div>\n\t\t\t\t<\/div>\n\t\t\t\t<div class=\"elementor-element elementor-element-0863d8b elementor-widget elementor-widget-text-editor\" data-id=\"0863d8b\" data-element_type=\"widget\" data-widget_type=\"text-editor.default\">\n\t\t\t\t<div class=\"elementor-widget-container\">\n\t\t\t\t\t\t\t<p>La scheda di garanzia si applica ai prodotti acquistati sulla base della fattura allegata e la data di vendita \u00e8 la data riportata sulla fattura. La garanzia viene richiesta con fattura o copia e certificato di garanzia certificato. Nel caso di prodotti con periodo di garanzia, questo \u00e8 appositamente contrassegnato. La garanzia non si applica agli interventi che sono il risultato dell&#8217;uso da parte del consumatore!<\/p><p>La garanzia viene applicata presso il centro di assistenza autorizzato indicato sulla scheda di garanzia. Tutti i difetti, derivanti da un difetto nel materiale o nell&#8217;assemblaggio o i cosiddetti &#8220;difetti materiali&#8221; che si verificano durante il periodo di garanzia verranno riparati gratuitamente.<\/p><p>Se desideri ulteriori informazioni sui servizi autorizzati e sulla garanzia, invia la tua domanda a info@firedestroyer.it.<\/p>\t\t\t\t\t\t<\/div>\n\t\t\t\t<\/div>\n\t\t\t\t<div class=\"elementor-element elementor-element-7f3304f elementor-widget elementor-widget-text-editor\" data-id=\"7f3304f\" data-element_type=\"widget\" data-widget_type=\"text-editor.default\">\n\t\t\t\t<div class=\"elementor-widget-container\">\n\t\t\t\t\t\t\t<p>11. ALTRI TERMINI<\/p>\t\t\t\t\t\t<\/div>\n\t\t\t\t<\/div>\n\t\t\t\t<div class=\"elementor-element elementor-element-b58a3a2 elementor-widget elementor-widget-text-editor\" data-id=\"b58a3a2\" data-element_type=\"widget\" data-widget_type=\"text-editor.default\">\n\t\t\t\t<div class=\"elementor-widget-container\">\n\t\t\t\t\t\t\t<p>In caso di ritardo nel pagamento ci riserviamo il diritto di addebitare gli interessi di mora ai sensi della legge sugli interessi di mora e di addebitare le spese di sollecito e di riscossione. Per altri diritti e obblighi valgono le disposizioni di legge vigenti. Tutte le controversie verranno risolte previo accordo tra le parti. Se non riuscissimo a raggiungere un accordo, la controversia sar\u00e0 risolta da un tribunale competente.<\/p>\t\t\t\t\t\t<\/div>\n\t\t\t\t<\/div>\n\t\t\t\t\t<\/div>\n\t\t<\/div>\n\t\t\t\t\t\t\t<\/div>\n\t\t<\/section>\n\t\t\t\t\t\t\t<\/div>","protected":false},"excerpt":{"rendered":"<p>1. CONDIZIONI GENERALI L&#8217;ordine \u00e8 vincolante per URO\u0160 FLEISINGER e il cliente. 2. ORDINAZIONE Gli ordini sono accettati presso URO\u0160 FLEISINGER per posta ed e-mail: office@firedestroyer.ch. Il modulo d&#8217;ordine scritto per le aziende deve contenere: ragione sociale, indirizzo esatto di consegna, persona di riferimento, codice fiscale, codice fiscale, numero di telefono. L&#8217;ordine di acquisto ha lo status di un contratto per l&#8217;acquirente e il venditore. 3. CONFERMA DELL&#8217;ORDINE L&#8217;ordine sar\u00e0 conservato in formato cartaceo ed elettronico presso la sede di URO\u0160 FLEISINGER 4. PREZZI I prezzi sono in EUR e sono validi dal 22 febbraio 2025 fino a modifica del\u2026<\/p>","protected":false},"author":1,"featured_media":0,"parent":0,"menu_order":0,"comment_status":"closed","ping_status":"closed","template":"elementor_header_footer","meta":{"_seopress_robots_primary_cat":"","footnotes":""},"class_list":["post-8553","page","type-page","status-publish","hentry"],"blocksy_meta":"","_links":{"self":[{"href":"https:\/\/www.ng.fire-destroyer.com\/en\/wp-json\/wp\/v2\/pages\/8553","targetHints":{"allow":["GET"]}}],"collection":[{"href":"https:\/\/www.ng.fire-destroyer.com\/en\/wp-json\/wp\/v2\/pages"}],"about":[{"href":"https:\/\/www.ng.fire-destroyer.com\/en\/wp-json\/wp\/v2\/types\/page"}],"author":[{"embeddable":true,"href":"https:\/\/www.ng.fire-destroyer.com\/en\/wp-json\/wp\/v2\/users\/1"}],"replies":[{"embeddable":true,"href":"https:\/\/www.ng.fire-destroyer.com\/en\/wp-json\/wp\/v2\/comments?post=8553"}],"version-history":[{"count":0,"href":"https:\/\/www.ng.fire-destroyer.com\/en\/wp-json\/wp\/v2\/pages\/8553\/revisions"}],"wp:attachment":[{"href":"https:\/\/www.ng.fire-destroyer.com\/en\/wp-json\/wp\/v2\/media?parent=8553"}],"curies":[{"name":"wp","href":"https:\/\/api.w.org\/{rel}","templated":true}]}}